{"id":28,"date":"2025-10-15T16:40:41","date_gmt":"2025-10-15T16:40:41","guid":{"rendered":"https:\/\/cristinaeffe.it\/?page_id=28"},"modified":"2026-01-09T09:46:43","modified_gmt":"2026-01-09T09:46:43","slug":"contact","status":"publish","type":"page","link":"https:\/\/cristinaeffe.it\/index.php\/contact\/","title":{"rendered":"Contact"},"content":{"rendered":"\t\t<div data-elementor-type=\"wp-page\" data-elementor-id=\"28\" class=\"elementor elementor-28\">\n\t\t\t\t<div class=\"elementor-element elementor-element-2ef1c9ba e-flex e-con-boxed wpr-particle-no wpr-jarallax-no wpr-parallax-no wpr-sticky-section-no e-con e-parent\" data-id=\"2ef1c9ba\" data-element_type=\"container\" data-settings=\"{&quot;background_background&quot;:&quot;slideshow&quot;,&quot;background_slideshow_gallery&quot;:[{&quot;id&quot;:92,&quot;url&quot;:&quot;https:\\\/\\\/cristinaeffe.it\\\/wp-content\\\/uploads\\\/2025\\\/10\\\/1.jpg&quot;},{&quot;id&quot;:94,&quot;url&quot;:&quot;https:\\\/\\\/cristinaeffe.it\\\/wp-content\\\/uploads\\\/2025\\\/10\\\/2.jpg&quot;},{&quot;id&quot;:163,&quot;url&quot;:&quot;https:\\\/\\\/cristinaeffe.it\\\/wp-content\\\/uploads\\\/2025\\\/10\\\/11.jpg&quot;},{&quot;id&quot;:161,&quot;url&quot;:&quot;https:\\\/\\\/cristinaeffe.it\\\/wp-content\\\/uploads\\\/2025\\\/10\\\/14.jpg&quot;},{&quot;id&quot;:160,&quot;url&quot;:&quot;https:\\\/\\\/cristinaeffe.it\\\/wp-content\\\/uploads\\\/2025\\\/10\\\/13.jpg&quot;},{&quot;id&quot;:93,&quot;url&quot;:&quot;https:\\\/\\\/cristinaeffe.it\\\/wp-content\\\/uploads\\\/2025\\\/10\\\/3.jpg&quot;}],&quot;background_slideshow_slide_duration&quot;:6000,&quot;background_slideshow_transition_duration&quot;:700,&quot;background_slideshow_ken_burns&quot;:&quot;yes&quot;,&quot;background_slideshow_loop&quot;:&quot;yes&quot;,&quot;background_slideshow_slide_transition&quot;:&quot;fade&quot;,&quot;background_slideshow_ken_burns_zoom_direction&quot;:&quot;in&quot;}\">\n\t\t\t\t\t<div class=\"e-con-inner\">\n\t\t\t\t<div class=\"elementor-element elementor-element-6f77d7ff animated-slow elementor-invisible elementor-widget elementor-widget-heading\" data-id=\"6f77d7ff\" data-element_type=\"widget\" data-settings=\"{&quot;_animation&quot;:&quot;fadeIn&quot;,&quot;_animation_delay&quot;:700}\" data-widget_type=\"heading.default\">\n\t\t\t\t\t<h2 class=\"elementor-heading-title elementor-size-default\">CONTACT<\/h2>\t\t\t\t<\/div>\n\t\t\t\t\t<\/div>\n\t\t\t\t<\/div>\n\t\t<div class=\"elementor-element elementor-element-fd8edb6 animated-slow e-flex e-con-boxed wpr-particle-no wpr-jarallax-no wpr-parallax-no wpr-sticky-section-no elementor-invisible e-con e-parent\" data-id=\"fd8edb6\" data-element_type=\"container\" data-settings=\"{&quot;animation&quot;:&quot;fadeIn&quot;,&quot;animation_delay&quot;:700}\">\n\t\t\t\t\t<div class=\"e-con-inner\">\n\t\t\t\t<div class=\"elementor-element elementor-element-f781499 elementor-widget elementor-widget-heading\" data-id=\"f781499\" data-element_type=\"widget\" data-widget_type=\"heading.default\">\n\t\t\t\t\t<h2 class=\"elementor-heading-title elementor-size-default\">Scegli come entrare in contatto con noi<\/h2>\t\t\t\t<\/div>\n\t\t\t\t\t<\/div>\n\t\t\t\t<\/div>\n\t\t<div class=\"elementor-element elementor-element-844e615 animated-slow e-flex e-con-boxed wpr-particle-no wpr-jarallax-no wpr-parallax-no wpr-sticky-section-no elementor-invisible e-con e-parent\" data-id=\"844e615\" data-element_type=\"container\" data-settings=\"{&quot;animation&quot;:&quot;fadeIn&quot;,&quot;animation_delay&quot;:1000}\">\n\t\t\t\t\t<div class=\"e-con-inner\">\n\t\t<div class=\"elementor-element elementor-element-0db1e30 e-con-full e-flex wpr-particle-no wpr-jarallax-no wpr-parallax-no wpr-sticky-section-no e-con e-child\" data-id=\"0db1e30\" data-element_type=\"container\">\n\t\t\t\t<div class=\"elementor-element elementor-element-bdd710f elementor-widget elementor-widget-heading\" data-id=\"bdd710f\" data-element_type=\"widget\" data-widget_type=\"heading.default\">\n\t\t\t\t\t<h2 class=\"elementor-heading-title elementor-size-default\">TELEFONO<\/h2>\t\t\t\t<\/div>\n\t\t\t\t<div class=\"elementor-element elementor-element-3d59c6b elementor-widget elementor-widget-text-editor\" data-id=\"3d59c6b\" data-element_type=\"widget\" data-widget_type=\"text-editor.default\">\n\t\t\t\t\t\t\t\t\t<p>Dal Luned\u00ec al Venerd\u00ec dalle 09.00 alle 18.00 (CET).<\/p>\t\t\t\t\t\t\t\t<\/div>\n\t\t\t\t<div class=\"elementor-element elementor-element-7c55240 elementor-widget elementor-widget-text-editor\" data-id=\"7c55240\" data-element_type=\"widget\" data-widget_type=\"text-editor.default\">\n\t\t\t\t\t\t\t\t\t<p><a href=\"tel:+390280035280\" target=\"blank\">Chiamaci: +39 02 80035280<\/a><\/p>\t\t\t\t\t\t\t\t<\/div>\n\t\t\t\t<\/div>\n\t\t<div class=\"elementor-element elementor-element-89c783a e-con-full e-flex wpr-particle-no wpr-jarallax-no wpr-parallax-no wpr-sticky-section-no e-con e-child\" data-id=\"89c783a\" data-element_type=\"container\">\n\t\t\t\t<div class=\"elementor-element elementor-element-26926af elementor-widget elementor-widget-heading\" data-id=\"26926af\" data-element_type=\"widget\" data-widget_type=\"heading.default\">\n\t\t\t\t\t<h2 class=\"elementor-heading-title elementor-size-default\">WHATSAPP<\/h2>\t\t\t\t<\/div>\n\t\t\t\t<div class=\"elementor-element elementor-element-e688289 elementor-widget elementor-widget-text-editor\" data-id=\"e688289\" data-element_type=\"widget\" data-widget_type=\"text-editor.default\">\n\t\t\t\t\t\t\t\t\t<p>Dal Luned\u00ec al Venerd\u00ec dalle 09.00 alle 18.00 (CET).<\/p>\t\t\t\t\t\t\t\t<\/div>\n\t\t\t\t<div class=\"elementor-element elementor-element-348e63e elementor-widget elementor-widget-text-editor\" data-id=\"348e63e\" data-element_type=\"widget\" data-widget_type=\"text-editor.default\">\n\t\t\t\t\t\t\t\t\t<p><a href=\"https:\/\/wa.me\/390280035280\" target=\"blank\">Scrivici su WhatsApp<\/a><\/p>\t\t\t\t\t\t\t\t<\/div>\n\t\t\t\t<\/div>\n\t\t<div class=\"elementor-element elementor-element-3d1f5f4 e-con-full e-flex wpr-particle-no wpr-jarallax-no wpr-parallax-no wpr-sticky-section-no e-con e-child\" data-id=\"3d1f5f4\" data-element_type=\"container\">\n\t\t\t\t<div class=\"elementor-element elementor-element-913bd60 elementor-widget elementor-widget-heading\" data-id=\"913bd60\" data-element_type=\"widget\" data-widget_type=\"heading.default\">\n\t\t\t\t\t<h2 class=\"elementor-heading-title elementor-size-default\">E-MAIL<\/h2>\t\t\t\t<\/div>\n\t\t\t\t<div class=\"elementor-element elementor-element-5d91cbe elementor-widget elementor-widget-text-editor\" data-id=\"5d91cbe\" data-element_type=\"widget\" data-widget_type=\"text-editor.default\">\n\t\t\t\t\t\t\t\t\t<p>Un Client Advisor risponder\u00e0 alla tua richiesta<\/p>\t\t\t\t\t\t\t\t<\/div>\n\t\t\t\t<div class=\"elementor-element elementor-element-59a5db2 elementor-widget elementor-widget-text-editor\" data-id=\"59a5db2\" data-element_type=\"widget\" data-widget_type=\"text-editor.default\">\n\t\t\t\t\t\t\t\t\t<p><a href=\"mailto:customerservice@cristinaeffe.it\" target=\"blank\">Inviaci una e-mail<\/a><\/p>\t\t\t\t\t\t\t\t<\/div>\n\t\t\t\t<\/div>\n\t\t\t\t\t<\/div>\n\t\t\t\t<\/div>\n\t\t<div class=\"elementor-element elementor-element-6b3249f e-flex e-con-boxed wpr-particle-no wpr-jarallax-no wpr-parallax-no wpr-sticky-section-no e-con e-parent\" data-id=\"6b3249f\" data-element_type=\"container\">\n\t\t\t\t\t<div class=\"e-con-inner\">\n\t\t<div class=\"elementor-element elementor-element-1ced013 e-con-full animated-slow elementor-hidden-mobile e-flex wpr-particle-no wpr-jarallax-no wpr-parallax-no wpr-sticky-section-no elementor-invisible e-con e-child\" data-id=\"1ced013\" data-element_type=\"container\" data-settings=\"{&quot;background_background&quot;:&quot;classic&quot;,&quot;animation&quot;:&quot;fadeInLeft&quot;,&quot;animation_delay&quot;:700}\">\n\t\t\t\t<\/div>\n\t\t<div class=\"elementor-element elementor-element-113fc8c e-con-full e-flex wpr-particle-no wpr-jarallax-no wpr-parallax-no wpr-sticky-section-no e-con e-child\" data-id=\"113fc8c\" data-element_type=\"container\">\n\t\t\t\t<div class=\"elementor-element elementor-element-cbc9029 animated-slow fluentform-widget-submit-button-custom elementor-invisible elementor-widget elementor-widget-fluent-form-widget\" data-id=\"cbc9029\" data-element_type=\"widget\" data-settings=\"{&quot;_animation&quot;:&quot;fadeIn&quot;,&quot;_animation_delay&quot;:1000}\" data-widget_type=\"fluent-form-widget.default\">\n\t\t\t\t<div class=\"elementor-widget-container\">\n\t\t\t\t\t\n            <div class=\"fluentform-widget-wrapper fluentform-widget-align-default\">\n\n            \n            <div class='fluentform ff-default fluentform_wrapper_1 ffs_default_wrap'><form data-form_id=\"1\" id=\"fluentform_1\" class=\"frm-fluent-form fluent_form_1 ff-el-form-top ff_form_instance_1_1 ff-form-loading ffs_default\" data-form_instance=\"ff_form_instance_1_1\" method=\"POST\" ><fieldset  style=\"border: none!important;margin: 0!important;padding: 0!important;background-color: transparent!important;box-shadow: none!important;outline: none!important; min-inline-size: 100%;\">\n                    <legend class=\"ff_screen_reader_title\" style=\"display: block; margin: 0!important;padding: 0!important;height: 0!important;text-indent: -999999px;width: 0!important;overflow:hidden;\">Contact Form Demo<\/legend>        <div\n                style=\"display: none!important; position: absolute!important; transform: translateX(1000%)!important;\"\n                class=\"ff-el-group ff-hpsf-container\"\n        >\n            <div class=\"ff-el-input--label asterisk-right\">\n                <label for=\"ff_1_item_sf\" aria-label=\"Contact\">\n                    Contact                <\/label>\n            <\/div>\n            <div class=\"ff-el-input--content\">\n                <input type=\"text\"\n                       name=\"item_1__fluent_sf\"\n                       class=\"ff-el-form-control\"\n                       id=\"ff_1_item_sf\"\n                \/>\n            <\/div>\n        <\/div>\n        <input type='hidden' name='__fluent_form_embded_post_id' value='28' \/><input type=\"hidden\" id=\"_fluentform_1_fluentformnonce\" name=\"_fluentform_1_fluentformnonce\" value=\"b73e9189c2\" \/><input type=\"hidden\" name=\"_wp_http_referer\" value=\"\/index.php\/wp-json\/wp\/v2\/pages\/28\" \/><div data-type=\"name-element\" data-name=\"names\" class=\" ff-field_container ff-name-field-wrapper\" ><div class='ff-t-container'><div class='ff-t-cell '><div class='ff-el-group'><div class=\"ff-el-input--label ff-el-is-required asterisk-right\"><label for='ff_1_names_first_name_' >Nome<\/label><\/div><div class='ff-el-input--content'><input type=\"text\" name=\"names[first_name]\" id=\"ff_1_names_first_name_\" class=\"ff-el-form-control\" placeholder=\"Nome\" aria-invalid=\"false\" aria-required=true><\/div><\/div><\/div><div class='ff-t-cell '><div class='ff-el-group'><div class=\"ff-el-input--label asterisk-right\"><label for='ff_1_names_last_name_' >Cognome<\/label><\/div><div class='ff-el-input--content'><input type=\"text\" name=\"names[last_name]\" id=\"ff_1_names_last_name_\" class=\"ff-el-form-control\" placeholder=\"Cognome\" aria-invalid=\"false\" aria-required=false><\/div><\/div><\/div><\/div><\/div><div class='ff-el-group'><div class=\"ff-el-input--label ff-el-is-required asterisk-right\"><label for='ff_1_email' aria-label=\"Email\">Email<\/label><\/div><div class='ff-el-input--content'><input type=\"email\" name=\"email\" id=\"ff_1_email\" class=\"ff-el-form-control\" placeholder=\"Email\" data-name=\"email\"  aria-invalid=\"false\" aria-required=true><\/div><\/div><div class='ff-el-group'><div class=\"ff-el-input--label asterisk-right\"><label for='ff_1_subject' aria-label=\"Oggetto\">Oggetto<\/label><\/div><div class='ff-el-input--content'><input type=\"text\" name=\"subject\" class=\"ff-el-form-control\" placeholder=\"Oggetto\" data-name=\"subject\" id=\"ff_1_subject\"  aria-invalid=\"false\" aria-required=false><\/div><\/div><div class='ff-el-group'><div class=\"ff-el-input--label ff-el-is-required asterisk-right\"><label for='ff_1_message' aria-label=\"Il tuo messaggio\">Il tuo messaggio<\/label><\/div><div class='ff-el-input--content'><textarea aria-invalid=\"false\" aria-required=true name=\"message\" id=\"ff_1_message\" class=\"ff-el-form-control\" placeholder=\"Il tuo messaggio\" rows=\"4\" cols=\"2\" data-name=\"message\" ><\/textarea><\/div><\/div><div class='ff-el-group ff-text-left ff_submit_btn_wrapper'><button type=\"submit\" class=\"ff-btn ff-btn-submit ff-btn-md ff_btn_style wpf_has_custom_css\" >Invia<\/button><\/div><\/fieldset><\/form><div id='fluentform_1_errors' class='ff-errors-in-stack ff_form_instance_1_1 ff-form-loading_errors ff_form_instance_1_1_errors'><\/div><\/div>            <script type=\"text\/javascript\">\n                window.fluent_form_ff_form_instance_1_1 = {\"id\":\"1\",\"settings\":{\"layout\":{\"labelPlacement\":\"top\",\"helpMessagePlacement\":\"with_label\",\"errorMessagePlacement\":\"inline\",\"cssClassName\":\"\",\"asteriskPlacement\":\"asterisk-right\"},\"restrictions\":{\"denyEmptySubmission\":{\"enabled\":false}}},\"form_instance\":\"ff_form_instance_1_1\",\"form_id_selector\":\"fluentform_1\",\"rules\":{\"names[first_name]\":{\"required\":{\"value\":true,\"message\":\"Campo obbligatorio\",\"global\":false,\"global_message\":\"Questo campo \\u00e8 obbligatorio\"}},\"names[middle_name]\":{\"required\":{\"value\":false,\"message\":\"This field is required\",\"global\":false,\"global_message\":\"Questo campo \\u00e8 obbligatorio\"}},\"names[last_name]\":{\"required\":{\"value\":false,\"message\":\"This field is required\",\"global\":false,\"global_message\":\"Questo campo \\u00e8 obbligatorio\"}},\"email\":{\"required\":{\"value\":true,\"message\":\"Campo obbligatorio\",\"global\":false,\"global_message\":\"Questo campo \\u00e8 obbligatorio\"},\"email\":{\"value\":true,\"message\":\"Questo campo deve contenere un indirizzo email valido\",\"global\":false,\"global_message\":\"Questo campo deve contenere un indirizzo email valido\"}},\"subject\":{\"required\":{\"value\":false,\"message\":\"This field is required\",\"global\":false,\"global_message\":\"Questo campo \\u00e8 obbligatorio\"}},\"message\":{\"required\":{\"value\":true,\"message\":\"Campo obbligatorio\",\"global\":false,\"global_message\":\"Questo campo \\u00e8 obbligatorio\"}}},\"debounce_time\":300};\n                            <\/script>\n                        <\/div>\n\n            \t\t\t\t<\/div>\n\t\t\t\t<\/div>\n\t\t\t\t<\/div>\n\t\t\t\t\t<\/div>\n\t\t\t\t<\/div>\n\t\t\t\t<\/div>\n\t\t","protected":false},"excerpt":{"rendered":"<p>CONTACT Scegli come entrare in contatto con noi TELEFONO Dal Luned\u00ec al Venerd\u00ec dalle 09.00 alle 18.00 (CET). Chiamaci: +39 02 80035280 WHATSAPP Dal Luned\u00ec al Venerd\u00ec dalle 09.00 alle 18.00 (CET). Scrivici su WhatsApp E-MAIL Un Client Advisor risponder\u00e0 alla tua richiesta Inviaci una e-mail Contact Form Demo Updates NomeCognomeEmailOggettoIl tuo messaggioInvia<\/p>\n","protected":false},"author":1,"featured_media":0,"parent":0,"menu_order":0,"comment_status":"closed","ping_status":"closed","template":"","meta":{"footnotes":""},"class_list":["post-28","page","type-page","status-publish","hentry"],"blocksy_meta":[],"yoast_head":"<!-- This site is optimized with the Yoast SEO plugin v26.2 - https:\/\/yoast.com\/wordpress\/plugins\/seo\/ -->\n<title>Contatti \u2013 Cristina Effe<\/title>\n<meta name=\"description\" content=\"Hai domande, richieste o vuoi collaborare con Cristina Effe? Contattaci via email o telefono: risponderemo con cura per offrirti assistenza.\" \/>\n<meta name=\"robots\" content=\"index, follow, max-snippet:-1, max-image-preview:large, max-video-preview:-1\" \/>\n<link rel=\"canonical\" href=\"https:\/\/cristinaeffe.it\/index.php\/contact\/\" \/>\n<meta property=\"og:locale\" content=\"it_IT\" \/>\n<meta property=\"og:type\" content=\"article\" \/>\n<meta property=\"og:title\" content=\"Contatti \u2013 Cristina Effe\" \/>\n<meta property=\"og:description\" content=\"Hai domande, richieste o vuoi collaborare con Cristina Effe? Contattaci via email o telefono: risponderemo con cura per offrirti assistenza.\" \/>\n<meta property=\"og:url\" content=\"https:\/\/cristinaeffe.it\/index.php\/contact\/\" \/>\n<meta property=\"og:site_name\" content=\"CRISTINAEFFE\" \/>\n<meta property=\"article:modified_time\" content=\"2026-01-09T09:46:43+00:00\" \/>\n<meta name=\"twitter:card\" content=\"summary_large_image\" \/>\n<meta name=\"twitter:label1\" content=\"Tempo di lettura stimato\" \/>\n\t<meta name=\"twitter:data1\" content=\"1 minuto\" \/>\n<script type=\"application\/ld+json\" class=\"yoast-schema-graph\">{\"@context\":\"https:\/\/schema.org\",\"@graph\":[{\"@type\":\"WebPage\",\"@id\":\"https:\/\/cristinaeffe.it\/index.php\/contact\/\",\"url\":\"https:\/\/cristinaeffe.it\/index.php\/contact\/\",\"name\":\"Contatti \u2013 Cristina Effe\",\"isPartOf\":{\"@id\":\"https:\/\/cristinaeffe.it\/#website\"},\"datePublished\":\"2025-10-15T16:40:41+00:00\",\"dateModified\":\"2026-01-09T09:46:43+00:00\",\"description\":\"Hai domande, richieste o vuoi collaborare con Cristina Effe? Contattaci via email o telefono: risponderemo con cura per offrirti assistenza.\",\"breadcrumb\":{\"@id\":\"https:\/\/cristinaeffe.it\/index.php\/contact\/#breadcrumb\"},\"inLanguage\":\"it-IT\",\"potentialAction\":[{\"@type\":\"ReadAction\",\"target\":[\"https:\/\/cristinaeffe.it\/index.php\/contact\/\"]}]},{\"@type\":\"BreadcrumbList\",\"@id\":\"https:\/\/cristinaeffe.it\/index.php\/contact\/#breadcrumb\",\"itemListElement\":[{\"@type\":\"ListItem\",\"position\":1,\"name\":\"Home\",\"item\":\"https:\/\/cristinaeffe.it\/\"},{\"@type\":\"ListItem\",\"position\":2,\"name\":\"Contact\"}]},{\"@type\":\"WebSite\",\"@id\":\"https:\/\/cristinaeffe.it\/#website\",\"url\":\"https:\/\/cristinaeffe.it\/\",\"name\":\"Cristina Effe\",\"description\":\"\",\"publisher\":{\"@id\":\"https:\/\/cristinaeffe.it\/#organization\"},\"potentialAction\":[{\"@type\":\"SearchAction\",\"target\":{\"@type\":\"EntryPoint\",\"urlTemplate\":\"https:\/\/cristinaeffe.it\/?s={search_term_string}\"},\"query-input\":{\"@type\":\"PropertyValueSpecification\",\"valueRequired\":true,\"valueName\":\"search_term_string\"}}],\"inLanguage\":\"it-IT\"},{\"@type\":\"Organization\",\"@id\":\"https:\/\/cristinaeffe.it\/#organization\",\"name\":\"Cristina Effe\",\"url\":\"https:\/\/cristinaeffe.it\/\",\"logo\":{\"@type\":\"ImageObject\",\"inLanguage\":\"it-IT\",\"@id\":\"https:\/\/cristinaeffe.it\/#\/schema\/logo\/image\/\",\"url\":\"https:\/\/cristinaeffe.it\/wp-content\/uploads\/2025\/10\/logog.png\",\"contentUrl\":\"https:\/\/cristinaeffe.it\/wp-content\/uploads\/2025\/10\/logog.png\",\"width\":2356,\"height\":586,\"caption\":\"Cristina Effe\"},\"image\":{\"@id\":\"https:\/\/cristinaeffe.it\/#\/schema\/logo\/image\/\"},\"sameAs\":[\"https:\/\/www.instagram.com\/cristinaeffeofficial\/\"]}]}<\/script>\n<!-- \/ Yoast SEO plugin. -->","yoast_head_json":{"title":"Contatti \u2013 Cristina Effe","description":"Hai domande, richieste o vuoi collaborare con Cristina Effe? Contattaci via email o telefono: risponderemo con cura per offrirti assistenza.","robots":{"index":"index","follow":"follow","max-snippet":"max-snippet:-1","max-image-preview":"max-image-preview:large","max-video-preview":"max-video-preview:-1"},"canonical":"https:\/\/cristinaeffe.it\/index.php\/contact\/","og_locale":"it_IT","og_type":"article","og_title":"Contatti \u2013 Cristina Effe","og_description":"Hai domande, richieste o vuoi collaborare con Cristina Effe? Contattaci via email o telefono: risponderemo con cura per offrirti assistenza.","og_url":"https:\/\/cristinaeffe.it\/index.php\/contact\/","og_site_name":"CRISTINAEFFE","article_modified_time":"2026-01-09T09:46:43+00:00","twitter_card":"summary_large_image","twitter_misc":{"Tempo di lettura stimato":"1 minuto"},"schema":{"@context":"https:\/\/schema.org","@graph":[{"@type":"WebPage","@id":"https:\/\/cristinaeffe.it\/index.php\/contact\/","url":"https:\/\/cristinaeffe.it\/index.php\/contact\/","name":"Contatti \u2013 Cristina Effe","isPartOf":{"@id":"https:\/\/cristinaeffe.it\/#website"},"datePublished":"2025-10-15T16:40:41+00:00","dateModified":"2026-01-09T09:46:43+00:00","description":"Hai domande, richieste o vuoi collaborare con Cristina Effe? Contattaci via email o telefono: risponderemo con cura per offrirti assistenza.","breadcrumb":{"@id":"https:\/\/cristinaeffe.it\/index.php\/contact\/#breadcrumb"},"inLanguage":"it-IT","potentialAction":[{"@type":"ReadAction","target":["https:\/\/cristinaeffe.it\/index.php\/contact\/"]}]},{"@type":"BreadcrumbList","@id":"https:\/\/cristinaeffe.it\/index.php\/contact\/#breadcrumb","itemListElement":[{"@type":"ListItem","position":1,"name":"Home","item":"https:\/\/cristinaeffe.it\/"},{"@type":"ListItem","position":2,"name":"Contact"}]},{"@type":"WebSite","@id":"https:\/\/cristinaeffe.it\/#website","url":"https:\/\/cristinaeffe.it\/","name":"Cristina Effe","description":"","publisher":{"@id":"https:\/\/cristinaeffe.it\/#organization"},"potentialAction":[{"@type":"SearchAction","target":{"@type":"EntryPoint","urlTemplate":"https:\/\/cristinaeffe.it\/?s={search_term_string}"},"query-input":{"@type":"PropertyValueSpecification","valueRequired":true,"valueName":"search_term_string"}}],"inLanguage":"it-IT"},{"@type":"Organization","@id":"https:\/\/cristinaeffe.it\/#organization","name":"Cristina Effe","url":"https:\/\/cristinaeffe.it\/","logo":{"@type":"ImageObject","inLanguage":"it-IT","@id":"https:\/\/cristinaeffe.it\/#\/schema\/logo\/image\/","url":"https:\/\/cristinaeffe.it\/wp-content\/uploads\/2025\/10\/logog.png","contentUrl":"https:\/\/cristinaeffe.it\/wp-content\/uploads\/2025\/10\/logog.png","width":2356,"height":586,"caption":"Cristina Effe"},"image":{"@id":"https:\/\/cristinaeffe.it\/#\/schema\/logo\/image\/"},"sameAs":["https:\/\/www.instagram.com\/cristinaeffeofficial\/"]}]}},"_links":{"self":[{"href":"https:\/\/cristinaeffe.it\/index.php\/wp-json\/wp\/v2\/pages\/28","targetHints":{"allow":["GET"]}}],"collection":[{"href":"https:\/\/cristinaeffe.it\/index.php\/wp-json\/wp\/v2\/pages"}],"about":[{"href":"https:\/\/cristinaeffe.it\/index.php\/wp-json\/wp\/v2\/types\/page"}],"author":[{"embeddable":true,"href":"https:\/\/cristinaeffe.it\/index.php\/wp-json\/wp\/v2\/users\/1"}],"replies":[{"embeddable":true,"href":"https:\/\/cristinaeffe.it\/index.php\/wp-json\/wp\/v2\/comments?post=28"}],"version-history":[{"count":92,"href":"https:\/\/cristinaeffe.it\/index.php\/wp-json\/wp\/v2\/pages\/28\/revisions"}],"predecessor-version":[{"id":1483,"href":"https:\/\/cristinaeffe.it\/index.php\/wp-json\/wp\/v2\/pages\/28\/revisions\/1483"}],"wp:attachment":[{"href":"https:\/\/cristinaeffe.it\/index.php\/wp-json\/wp\/v2\/media?parent=28"}],"curies":[{"name":"wp","href":"https:\/\/api.w.org\/{rel}","templated":true}]}}